{"id":8054,"date":"2022-05-31T15:35:03","date_gmt":"2022-05-31T13:35:03","guid":{"rendered":"https:\/\/www.selvaggitenerife.com\/?page_id=8054"},"modified":"2022-05-31T15:35:20","modified_gmt":"2022-05-31T13:35:20","slug":"termini-e-condizioni","status":"publish","type":"page","link":"https:\/\/tenerifeescursioni.com\/en\/termini-e-condizioni\/","title":{"rendered":"Terms and Conditions"},"content":{"rendered":"<div class=\"vc_row wpb_row vc_row-fluid\"><div class=\"wpb_column vc_column_container vc_col-sm-12\"><div class=\"vc_column-inner\"><div class=\"wpb_wrapper\">\n\t<div class=\"wpb_text_column wpb_content_element\">\n\t\t<div class=\"wpb_wrapper\">\n\t\t\t<p><strong>1.-DATI IDENTIFICATIVI<\/strong><\/p>\n<p><span style=\"font-weight: 400;\">Ai sensi dell&#8217;articolo 10 della legge 34\/2002, del 11 luglio, servizi della societ\u00e0 dell&#8217;informazione e il commercio elettronico, l&#8217;utente viene informato che il proprietario di questo sito \u00e8 MOLINO BEINGE, CALLE LOS MOLINOS 31, 999999 ADEJE-SANTA CRUZ DE TENERIFE, Spagna.<\/span><\/p>\n<p>&nbsp;<\/p>\n<p><strong>2.-CONDIZIONI DI ACCESSO AL SITO WEB<\/strong><\/p>\n<p><span style=\"font-weight: 400;\">L&#8217;utente semplicemente accedendo a questo sito, qualunque sia la forma di tale accesso, il consenso e l&#8217;accesso a queste condizioni, che hanno segnato il regime di utilizzo di questo sito web. Il proprietario si riserva il diritto di modificare e di modificarli in qualsiasi momento, che sar\u00e0 pubblicato sul sito l&#8217;ultimo aggiornamento che disciplinano e attuazione a ogni visita. Se non si accettano tutti questi termini non sono autorizzati ad accedere a questo sito e il contenuto e \/ o servizi che ospitava deve procedere per uscire immediatamente dal sito. Queste condizioni sono anche estensibili e applicabili alle comunicazioni e newsletter che possono essere presentate se il titolare di questa pagina WEB, l&#8217;utente deve quindi accettare le condizioni di accesso e \/ o uso.<\/span><\/p>\n<p>&nbsp;<\/p>\n<p><strong>3.-OGGETTO<\/strong><\/p>\n<p><span style=\"font-weight: 400;\">Questo \u00e8 il sito di MOLINO BEINGE, attraverso il quale fornisce una gamma di contenuti e servizi legati alla loro attivit\u00e0.<\/span><\/p>\n<p>&nbsp;<\/p>\n<p><strong>4.-USO NON AUTORIZZATO DEL SITO E IL CONTENUTO<\/strong><\/p>\n<p><span style=\"font-weight: 400;\">L&#8217;utente pu\u00f2 accedere solo questo sito e il contenuto e servizi che ospitato se \u00e8 pi\u00f9 vecchio e ha sufficiente capacit\u00e0 giuridica: se sembra essere un minore deve avere il consenso del loro legale rappresentante o in sua assenza, si deve lasciare immediatamente questo sito. L&#8217;utente \u00e8 autorizzato ad accedere ai contenuti del sito web ogni volta che si effettua una esso stretto per un uso corretto in conformit\u00e0 con questi termini, in particolare i diritti di propriet\u00e0 intellettuale e industriale concessi dalla legge e sono dettagliate nella sezione corrispondente di questo articolato, \u00e8 espressamente vietato il loro uso fraudolento scopi illegali, o commercialmente senza espressa autorizzazione scritta da parte del proprietario. Atlantic Dolphin Travel SL, si riserva il diritto di interrompere in qualsiasi momento e senza preavviso agli utenti che violano queste condizioni, il sito web o accedere al contenuto offerto.<\/span><\/p>\n<p>&nbsp;<\/p>\n<p><strong>5.-NEGAZIONE<\/strong><\/p>\n<p><span style=\"font-weight: 400;\">MOLINO BEINGE non garantisce l&#8217;accuratezza dei contenuti forma, la completezza, la legalit\u00e0, l&#8217;affidabilit\u00e0, la tempestivit\u00e0, l&#8217;affidabilit\u00e0, la precisione, le prestazioni o la disponibilit\u00e0 di contenuti e servizi offerti, declinando ogni responsabilit\u00e0 per loro, cos\u00ec come i danni in il vostro caso pu\u00f2 derivare da un uso improprio. Di conseguenza, il contenuto fornito sono solo informazioni e non sono rappresentativi di nulla. Quanto sopra viene esteso ai collegamenti, i contenuti e opinioni non titolare o non soggiornano in questo sito corrispondano responsabilit\u00e0 in ogni caso i responsabili della stessa e dei proprietari dei siti in questione.<\/span><\/p>\n<p>&nbsp;<\/p>\n<p><strong>6.-PROPRIET\u00c0 INTELLETTUALE<\/strong><\/p>\n<p><span style=\"font-weight: 400;\">MOLINO BEINGE Tutti i diritti di propriet\u00e0 intellettuale derivanti dal presente Sito Web si riserva l&#8217;esplicito permesso di essere richiesto per iscritto dall&#8217;Agenzia per qualsiasi esercizio e l&#8217;uso della stessa. Questa riserva di diritti comprende sia i contenuti che possono essere inclusi in qualsiasi formato e distribuita attraverso questo sito web o quando il codice, progettazione e struttura di navigazione del sito Web.<\/span><\/p>\n<p>&nbsp;<\/p>\n<p><strong>7.-POLTICA_PRIVACIDAD<\/strong><\/p>\n<p><span style=\"font-weight: 400;\">In conformit\u00e0 con le disposizioni della legge 15\/1999, del 13 dicembre, protezione dei dati personali, l&#8217;utente viene informato che i dati forniti nel tuo caso sar\u00e0 inclusa per il trattamento in un file di propriet\u00e0 di MOLINO BEINGE, che si trova a\u00a0 CALLE LOS MOLINOS 31, 999999 ADEJE-SANTA CRUZ DE TENERIFE, Spagna., i cui dettagli appaiono in queste condizioni, con l&#8217;obiettivo di fornire i servizi offerti in questo Sito WEB, nonch\u00e9 di sottoporre loro prodotti di comunicazione di business e servizi che si possono offrire se la societ\u00e0 detiene il database. Tutte le modifiche che si possono verificare se i dati personali forniti saranno rese note dal proprietario dello stesso ai dati, rispondendo in ogni caso l&#8217;esattezza dei dati forniti in ogni momento. Ai sensi dell&#8217;articolo 5 della legge 15\/1999 invita voi per quanto riguarda i dati personali raccolti per il trattamento ha la possibilit\u00e0 di esercitare i diritti di accesso, rettifica, cancellazione e opposizione scrivendo iscritto al proprietario del file, secondo la legislazione vigente sottoscritto.<\/span><\/p>\n<p>&nbsp;<\/p>\n<p><strong>8.-COOKIES<\/strong><\/p>\n<p><span style=\"font-weight: 400;\">I cookie sono file di testo che vengono ospitati sul terminale dell&#8217;utente in visita ad alcune informazioni visita la pagina. Questo sito informa gli utenti circa l&#8217;uso di cookies per il solo scopo di essere in grado di mantenere la sessione tra client-server, ma in nessun caso sono utilizzati per la raccolta e il successivo uso delle informazioni dell&#8217;utente. In entrambi i casi, si informa l&#8217;utente della possibilit\u00e0 nella maggior parte dei browser web a limitare l&#8217;uso di tali cookie.<\/span><\/p>\n<p>&nbsp;<\/p>\n<p><strong>9.-VALIDIT\u00c0<\/strong><\/p>\n<p><span style=\"font-weight: 400;\">En el caso de que alguna cl\u00e1usula o parte de la misma del presente aviso fuera declarada nula, dicha circunstancia no afectar\u00e1 a la validez del resto.<\/span><\/p>\n<p>&nbsp;<\/p>\n<p><strong>10.- POLITICA DI CANCELLAZIONE, RESO E RIMBORSO<\/strong><\/p>\n<p><span style=\"font-weight: 400;\">Ogni fornitore di servizi ha stabilito le proprie politiche di cancellazione. Puoi disdire il Servizio Turistico chiamando uno dei numeri di telefono forniti. Le cancellazioni devono essere effettuate fino a 48 ore prima dell&#8217;inizio del servizio, salvo diversa indicazione del fornitore di servizi o della destinazione stessa. Se annulli prima della data del servizio, ti verranno addebitate le spese di cancellazione corrispondenti, se applicabili. MOLINO BEINGE ti rimborser\u00e0 la caparra, dalla quale verranno detratte le relative spese di cancellazione stabilite dal fornitore del servizio.<\/span><\/p>\n<p>&nbsp;<\/p>\n<p><strong>11.-GIURISDIZIONE E GIURISDIZIONE APPLICABILE<\/strong><\/p>\n<p><span style=\"font-weight: 400;\">La legge applicabile a qualsiasi controversia dovesse sorgere in relazione al presente Sito Web e il contenuto nell&#8217;offerta, sar\u00e0 la legge spagnola. Le parti concordano di presentare ai tribunali della citt\u00e0 di Santa Cruz de Tenerife (Isole Canarie, Spagna), rinunciando espressamente qualsiasi altra giurisdizione che pu\u00f2 corrispondere.<\/span><\/p>\n\n\t\t<\/div>\n\t<\/div>\n<\/div><\/div><\/div><\/div>","protected":false},"excerpt":{"rendered":"1.-DATI IDENTIFICATIVI Ai sensi dell'articolo 10 della legge 34\/2002, del 11 luglio, servizi della societ\u00e0 dell'informazione e il commercio elettronico, l'utente viene informato che il proprietario di questo sito \u00e8 MOLINO BEINGE, CALLE LOS MOLINOS 31, 999999 ADEJE-SANTA CRUZ DE TENERIFE, Spagna. &nbsp; 2.-CONDIZIONI DI ACCESSO AL SITO WEB L'utente semplicemente accedendo a questo sito,<div class=\"padding-top text-center\"><a href=\"https:\/\/tenerifeescursioni.com\/en\/termini-e-condizioni\/\" class=\"atbtn atbtn--medium atbtn--rounded atbtn--transparent\">Leggi di pi\u00f9<i class=\"atbtn__icon atbtn__icon--right fa fa-long-arrow-right\"><\/i><\/a><\/div>","protected":false},"author":1,"featured_media":0,"parent":0,"menu_order":0,"comment_status":"closed","ping_status":"closed","template":"","meta":{"inline_featured_image":false,"footnotes":""},"class_list":["post-8054","page","type-page","status-publish","hentry"],"yoast_head":"<!-- This site is optimized with the Yoast SEO plugin v27.4 - https:\/\/yoast.com\/product\/yoast-seo-wordpress\/ -->\n<title>Termini e Condizioni - Selvaggi Tenerife<\/title>\n<meta name=\"robots\" content=\"index, follow, max-snippet:-1, max-image-preview:large, max-video-preview:-1\" \/>\n<link rel=\"canonical\" href=\"https:\/\/tenerifeescursioni.com\/en\/termini-e-condizioni\/\" \/>\n<meta property=\"og:locale\" content=\"en_GB\" \/>\n<meta property=\"og:type\" content=\"article\" \/>\n<meta property=\"og:title\" content=\"Termini e Condizioni - Selvaggi Tenerife\" \/>\n<meta property=\"og:url\" content=\"https:\/\/tenerifeescursioni.com\/en\/termini-e-condizioni\/\" \/>\n<meta property=\"og:site_name\" content=\"Selvaggi Tenerife\" \/>\n<meta property=\"article:modified_time\" content=\"2022-05-31T13:35:20+00:00\" \/>\n<meta name=\"twitter:card\" content=\"summary_large_image\" \/>\n<meta name=\"twitter:label1\" content=\"Estimated reading time\" \/>\n\t<meta name=\"twitter:data1\" content=\"5 minutes\" \/>\n<script type=\"application\/ld+json\" class=\"yoast-schema-graph\">{\"@context\":\"https:\\\/\\\/schema.org\",\"@graph\":[{\"@type\":\"WebPage\",\"@id\":\"https:\\\/\\\/tenerifeescursioni.com\\\/termini-e-condizioni\\\/\",\"url\":\"https:\\\/\\\/tenerifeescursioni.com\\\/termini-e-condizioni\\\/\",\"name\":\"Termini e Condizioni - Selvaggi Tenerife\",\"isPartOf\":{\"@id\":\"https:\\\/\\\/tenerifeescursioni.com\\\/#website\"},\"datePublished\":\"2022-05-31T13:35:03+00:00\",\"dateModified\":\"2022-05-31T13:35:20+00:00\",\"breadcrumb\":{\"@id\":\"https:\\\/\\\/tenerifeescursioni.com\\\/termini-e-condizioni\\\/#breadcrumb\"},\"inLanguage\":\"en-GB\",\"potentialAction\":[{\"@type\":\"ReadAction\",\"target\":[\"https:\\\/\\\/tenerifeescursioni.com\\\/termini-e-condizioni\\\/\"]}]},{\"@type\":\"BreadcrumbList\",\"@id\":\"https:\\\/\\\/tenerifeescursioni.com\\\/termini-e-condizioni\\\/#breadcrumb\",\"itemListElement\":[{\"@type\":\"ListItem\",\"position\":1,\"name\":\"Home\",\"item\":\"https:\\\/\\\/tenerifeescursioni.com\\\/\"},{\"@type\":\"ListItem\",\"position\":2,\"name\":\"Termini e Condizioni\"}]},{\"@type\":\"WebSite\",\"@id\":\"https:\\\/\\\/tenerifeescursioni.com\\\/#website\",\"url\":\"https:\\\/\\\/tenerifeescursioni.com\\\/\",\"name\":\"Selvaggi Tenerife\",\"description\":\"Tour operator a Tenerife\",\"publisher\":{\"@id\":\"https:\\\/\\\/tenerifeescursioni.com\\\/#organization\"},\"potentialAction\":[{\"@type\":\"SearchAction\",\"target\":{\"@type\":\"EntryPoint\",\"urlTemplate\":\"https:\\\/\\\/tenerifeescursioni.com\\\/?s={search_term_string}\"},\"query-input\":{\"@type\":\"PropertyValueSpecification\",\"valueRequired\":true,\"valueName\":\"search_term_string\"}}],\"inLanguage\":\"en-GB\"},{\"@type\":\"Organization\",\"@id\":\"https:\\\/\\\/tenerifeescursioni.com\\\/#organization\",\"name\":\"Selvaggi Tenerife\",\"url\":\"https:\\\/\\\/tenerifeescursioni.com\\\/\",\"logo\":{\"@type\":\"ImageObject\",\"inLanguage\":\"en-GB\",\"@id\":\"https:\\\/\\\/tenerifeescursioni.com\\\/#\\\/schema\\\/logo\\\/image\\\/\",\"url\":\"https:\\\/\\\/tenerifeescursioni.com\\\/wp-content\\\/uploads\\\/2022\\\/03\\\/cropped-logo-mezzaluna-selvaggi.png\",\"contentUrl\":\"https:\\\/\\\/tenerifeescursioni.com\\\/wp-content\\\/uploads\\\/2022\\\/03\\\/cropped-logo-mezzaluna-selvaggi.png\",\"width\":375,\"height\":250,\"caption\":\"Selvaggi Tenerife\"},\"image\":{\"@id\":\"https:\\\/\\\/tenerifeescursioni.com\\\/#\\\/schema\\\/logo\\\/image\\\/\"}}]}<\/script>\n<!-- \/ Yoast SEO plugin. -->","yoast_head_json":{"title":"Termini e Condizioni - Selvaggi Tenerife","robots":{"index":"index","follow":"follow","max-snippet":"max-snippet:-1","max-image-preview":"max-image-preview:large","max-video-preview":"max-video-preview:-1"},"canonical":"https:\/\/tenerifeescursioni.com\/en\/termini-e-condizioni\/","og_locale":"en_GB","og_type":"article","og_title":"Termini e Condizioni - Selvaggi Tenerife","og_url":"https:\/\/tenerifeescursioni.com\/en\/termini-e-condizioni\/","og_site_name":"Selvaggi Tenerife","article_modified_time":"2022-05-31T13:35:20+00:00","twitter_card":"summary_large_image","twitter_misc":{"Estimated reading time":"5 minutes"},"schema":{"@context":"https:\/\/schema.org","@graph":[{"@type":"WebPage","@id":"https:\/\/tenerifeescursioni.com\/termini-e-condizioni\/","url":"https:\/\/tenerifeescursioni.com\/termini-e-condizioni\/","name":"Termini e Condizioni - Selvaggi Tenerife","isPartOf":{"@id":"https:\/\/tenerifeescursioni.com\/#website"},"datePublished":"2022-05-31T13:35:03+00:00","dateModified":"2022-05-31T13:35:20+00:00","breadcrumb":{"@id":"https:\/\/tenerifeescursioni.com\/termini-e-condizioni\/#breadcrumb"},"inLanguage":"en-GB","potentialAction":[{"@type":"ReadAction","target":["https:\/\/tenerifeescursioni.com\/termini-e-condizioni\/"]}]},{"@type":"BreadcrumbList","@id":"https:\/\/tenerifeescursioni.com\/termini-e-condizioni\/#breadcrumb","itemListElement":[{"@type":"ListItem","position":1,"name":"Home","item":"https:\/\/tenerifeescursioni.com\/"},{"@type":"ListItem","position":2,"name":"Termini e Condizioni"}]},{"@type":"WebSite","@id":"https:\/\/tenerifeescursioni.com\/#website","url":"https:\/\/tenerifeescursioni.com\/","name":"Selvaggi Tenerife","description":"Tour operator a Tenerife","publisher":{"@id":"https:\/\/tenerifeescursioni.com\/#organization"},"potentialAction":[{"@type":"SearchAction","target":{"@type":"EntryPoint","urlTemplate":"https:\/\/tenerifeescursioni.com\/?s={search_term_string}"},"query-input":{"@type":"PropertyValueSpecification","valueRequired":true,"valueName":"search_term_string"}}],"inLanguage":"en-GB"},{"@type":"Organization","@id":"https:\/\/tenerifeescursioni.com\/#organization","name":"Selvaggi Tenerife","url":"https:\/\/tenerifeescursioni.com\/","logo":{"@type":"ImageObject","inLanguage":"en-GB","@id":"https:\/\/tenerifeescursioni.com\/#\/schema\/logo\/image\/","url":"https:\/\/tenerifeescursioni.com\/wp-content\/uploads\/2022\/03\/cropped-logo-mezzaluna-selvaggi.png","contentUrl":"https:\/\/tenerifeescursioni.com\/wp-content\/uploads\/2022\/03\/cropped-logo-mezzaluna-selvaggi.png","width":375,"height":250,"caption":"Selvaggi Tenerife"},"image":{"@id":"https:\/\/tenerifeescursioni.com\/#\/schema\/logo\/image\/"}}]}},"_links":{"self":[{"href":"https:\/\/tenerifeescursioni.com\/en\/wp-json\/wp\/v2\/pages\/8054","targetHints":{"allow":["GET"]}}],"collection":[{"href":"https:\/\/tenerifeescursioni.com\/en\/wp-json\/wp\/v2\/pages"}],"about":[{"href":"https:\/\/tenerifeescursioni.com\/en\/wp-json\/wp\/v2\/types\/page"}],"author":[{"embeddable":true,"href":"https:\/\/tenerifeescursioni.com\/en\/wp-json\/wp\/v2\/users\/1"}],"replies":[{"embeddable":true,"href":"https:\/\/tenerifeescursioni.com\/en\/wp-json\/wp\/v2\/comments?post=8054"}],"version-history":[{"count":3,"href":"https:\/\/tenerifeescursioni.com\/en\/wp-json\/wp\/v2\/pages\/8054\/revisions"}],"predecessor-version":[{"id":8057,"href":"https:\/\/tenerifeescursioni.com\/en\/wp-json\/wp\/v2\/pages\/8054\/revisions\/8057"}],"wp:attachment":[{"href":"https:\/\/tenerifeescursioni.com\/en\/wp-json\/wp\/v2\/media?parent=8054"}],"curies":[{"name":"wp","href":"https:\/\/api.w.org\/{rel}","templated":true}]}}