{"id":7702,"date":"2022-03-31T16:02:10","date_gmt":"2022-03-31T14:02:10","guid":{"rendered":"https:\/\/www.selvaggitenerife.com\/?post_type=product&#038;p=7702"},"modified":"2024-06-07T12:20:02","modified_gmt":"2024-06-07T10:20:02","slug":"banana-boat","status":"publish","type":"product","link":"https:\/\/tenerifeescursioni.com\/en\/tours-e-escursioni-tenerife\/banana-boat\/","title":{"rendered":"Banana Boat to thrill!"},"content":{"rendered":"<p><strong>Thrilling Banana Boat Ride: An Unforgettable Water Adventure with Selvaggi Tenerife<\/strong><\/p>\n<p class=\"translation-block\">Among the many exciting water activities we offer, the thrilling banana boat ride stands out as an unforgettable experience! Perfect for adrenaline seekers and fun enthusiasts, the banana boat is one of our guests' most beloved activities.<\/p>\n<p class=\"translation-block\">Hop on our powerful yellow speedboat that will tow you on the banana boat away from the beach, navigating thrilling courses where your ability to stay on will be put to the test. Feel the adrenaline surge as the speedboat accelerates, taking on sharp turns and waves that make the experience even more exhilarating. This activity is ideal for groups of friends, families, and anyone who loves aquatic challenges.<\/p>\n<p class=\"translation-block\">Safety is our top priority. You'll be provided with a life jacket for the entire ride. Additionally, a lifeguard will be on the speedboat, constantly monitoring to ensure everyone has fun safely. We are committed to providing a safe and enjoyable experience for all participants.<\/p>\n<p>The banana boat can accommodate up to 12 people, making it perfect for group fun. It\u2019s the ideal activity for creating unforgettable memories with your loved ones. There's nothing better than sharing laughter and moments of pure adrenaline with those you cherish.<\/p>\n<p>Treat yourself to a breathtaking adventure with the banana boat and discover the most fun side of Tenerife. Book your ride today and get ready for a water experience like no other. Our team of professionals is ready to welcome you and ensure you have an unforgettable experience.<\/p>\n<p>&nbsp;<\/p>\n<p><strong>INFO:<\/strong><\/p>\n<ul>\n<li>Minimum Age: 10 years<\/li>\n<\/ul>","protected":false},"excerpt":{"rendered":"<p>Banana Boat da brividi: Un&#8217;Esperienza Acquatica Indimenticabile con Selvaggi Tenerife Tra i tanti divertimenti acquatici che mettiamo a vostra disposizione, non poteva mancare l&#8217;esperienza indimenticabile in sella alla banana boat da brividi! Perfetta per chi cerca adrenalina e divertimento, la banana boat \u00e8 una delle attivit\u00e0 pi\u00f9 amate dai nostri ospiti. In particolare, il potente<\/p>\n<div class=\"padding-top text-center\"><a href=\"https:\/\/tenerifeescursioni.com\/en\/tours-e-escursioni-tenerife\/banana-boat\/\" class=\"atbtn atbtn--medium atbtn--rounded atbtn--transparent\">Leggi di pi\u00f9<i class=\"atbtn__icon atbtn__icon--right fa fa-long-arrow-right\"><\/i><\/a><\/div>","protected":false},"featured_media":8089,"comment_status":"closed","ping_status":"closed","template":"","meta":{"inline_featured_image":false},"product_brand":[],"product_cat":[92],"product_tag":[],"class_list":{"0":"post-7702","1":"product","2":"type-product","3":"status-publish","4":"has-post-thumbnail","6":"product_cat-tutti-i-prodotti","7":"tour_category-watersport","9":"first","10":"instock","11":"shipping-taxable","12":"purchasable","13":"product-type-tour"},"yoast_head":"<!-- This site is optimized with the Yoast SEO plugin v27.4 - https:\/\/yoast.com\/product\/yoast-seo-wordpress\/ -->\n<title>Banana Boat da brividi! - Selvaggi Tenerife<\/title>\n<meta name=\"description\" content=\"Prenota un&#039;avventura in banana boat da brividi a Tenerife con Selvaggi Tenerife! Goditi adrenalina e divertimento in sicurezza. Capienza fino a 12 persone.\" \/>\n<meta name=\"robots\" content=\"index, follow, max-snippet:-1, max-image-preview:large, max-video-preview:-1\" \/>\n<link rel=\"canonical\" href=\"https:\/\/tenerifeescursioni.com\/en\/tours-e-escursioni-tenerife\/banana-boat\/\" \/>\n<meta property=\"og:locale\" content=\"en_GB\" \/>\n<meta property=\"og:type\" content=\"article\" \/>\n<meta property=\"og:title\" content=\"Banana Boat da brividi! - Selvaggi Tenerife\" \/>\n<meta property=\"og:description\" content=\"Prenota un&#039;avventura in banana boat da brividi a Tenerife con Selvaggi Tenerife! Goditi adrenalina e divertimento in sicurezza. Capienza fino a 12 persone.\" \/>\n<meta property=\"og:url\" content=\"https:\/\/tenerifeescursioni.com\/en\/tours-e-escursioni-tenerife\/banana-boat\/\" \/>\n<meta property=\"og:site_name\" content=\"Selvaggi Tenerife\" \/>\n<meta property=\"article:modified_time\" content=\"2024-06-07T10:20:02+00:00\" \/>\n<meta property=\"og:image\" content=\"https:\/\/tenerifeescursioni.com\/wp-content\/uploads\/2022\/03\/banana-boat-tenerife.webp\" \/>\n\t<meta property=\"og:image:width\" content=\"1443\" \/>\n\t<meta property=\"og:image:height\" content=\"1080\" \/>\n\t<meta property=\"og:image:type\" content=\"image\/webp\" \/>\n<meta name=\"twitter:card\" content=\"summary_large_image\" \/>\n<meta name=\"twitter:label1\" content=\"Estimated reading time\" \/>\n\t<meta name=\"twitter:data1\" content=\"2 minutes\" \/>\n<script type=\"application\/ld+json\" class=\"yoast-schema-graph\">{\"@context\":\"https:\\\/\\\/schema.org\",\"@graph\":[{\"@type\":\"WebPage\",\"@id\":\"https:\\\/\\\/tenerifeescursioni.com\\\/tours-e-escursioni-tenerife\\\/banana-boat\\\/\",\"url\":\"https:\\\/\\\/tenerifeescursioni.com\\\/tours-e-escursioni-tenerife\\\/banana-boat\\\/\",\"name\":\"Banana Boat da brividi! - Selvaggi Tenerife\",\"isPartOf\":{\"@id\":\"https:\\\/\\\/tenerifeescursioni.com\\\/#website\"},\"primaryImageOfPage\":{\"@id\":\"https:\\\/\\\/tenerifeescursioni.com\\\/tours-e-escursioni-tenerife\\\/banana-boat\\\/#primaryimage\"},\"image\":{\"@id\":\"https:\\\/\\\/tenerifeescursioni.com\\\/tours-e-escursioni-tenerife\\\/banana-boat\\\/#primaryimage\"},\"thumbnailUrl\":\"https:\\\/\\\/tenerifeescursioni.com\\\/wp-content\\\/uploads\\\/2022\\\/03\\\/banana-boat-tenerife.webp\",\"datePublished\":\"2022-03-31T14:02:10+00:00\",\"dateModified\":\"2024-06-07T10:20:02+00:00\",\"description\":\"Prenota un'avventura in banana boat da brividi a Tenerife con Selvaggi Tenerife! Goditi adrenalina e divertimento in sicurezza. Capienza fino a 12 persone.\",\"breadcrumb\":{\"@id\":\"https:\\\/\\\/tenerifeescursioni.com\\\/tours-e-escursioni-tenerife\\\/banana-boat\\\/#breadcrumb\"},\"inLanguage\":\"en-GB\",\"potentialAction\":[{\"@type\":\"ReadAction\",\"target\":[\"https:\\\/\\\/tenerifeescursioni.com\\\/tours-e-escursioni-tenerife\\\/banana-boat\\\/\"]}]},{\"@type\":\"ImageObject\",\"inLanguage\":\"en-GB\",\"@id\":\"https:\\\/\\\/tenerifeescursioni.com\\\/tours-e-escursioni-tenerife\\\/banana-boat\\\/#primaryimage\",\"url\":\"https:\\\/\\\/tenerifeescursioni.com\\\/wp-content\\\/uploads\\\/2022\\\/03\\\/banana-boat-tenerife.webp\",\"contentUrl\":\"https:\\\/\\\/tenerifeescursioni.com\\\/wp-content\\\/uploads\\\/2022\\\/03\\\/banana-boat-tenerife.webp\",\"width\":1443,\"height\":1080,\"caption\":\"Banana Boat da brivido\"},{\"@type\":\"BreadcrumbList\",\"@id\":\"https:\\\/\\\/tenerifeescursioni.com\\\/tours-e-escursioni-tenerife\\\/banana-boat\\\/#breadcrumb\",\"itemListElement\":[{\"@type\":\"ListItem\",\"position\":1,\"name\":\"Home\",\"item\":\"https:\\\/\\\/tenerifeescursioni.com\\\/\"},{\"@type\":\"ListItem\",\"position\":2,\"name\":\"Shop\",\"item\":\"https:\\\/\\\/tenerifeescursioni.com\\\/negozio\\\/\"},{\"@type\":\"ListItem\",\"position\":3,\"name\":\"Banana Boat da brividi!\"}]},{\"@type\":\"WebSite\",\"@id\":\"https:\\\/\\\/tenerifeescursioni.com\\\/#website\",\"url\":\"https:\\\/\\\/tenerifeescursioni.com\\\/\",\"name\":\"Selvaggi Tenerife\",\"description\":\"Tour operator a Tenerife\",\"publisher\":{\"@id\":\"https:\\\/\\\/tenerifeescursioni.com\\\/#organization\"},\"potentialAction\":[{\"@type\":\"SearchAction\",\"target\":{\"@type\":\"EntryPoint\",\"urlTemplate\":\"https:\\\/\\\/tenerifeescursioni.com\\\/?s={search_term_string}\"},\"query-input\":{\"@type\":\"PropertyValueSpecification\",\"valueRequired\":true,\"valueName\":\"search_term_string\"}}],\"inLanguage\":\"en-GB\"},{\"@type\":\"Organization\",\"@id\":\"https:\\\/\\\/tenerifeescursioni.com\\\/#organization\",\"name\":\"Selvaggi Tenerife\",\"url\":\"https:\\\/\\\/tenerifeescursioni.com\\\/\",\"logo\":{\"@type\":\"ImageObject\",\"inLanguage\":\"en-GB\",\"@id\":\"https:\\\/\\\/tenerifeescursioni.com\\\/#\\\/schema\\\/logo\\\/image\\\/\",\"url\":\"https:\\\/\\\/tenerifeescursioni.com\\\/wp-content\\\/uploads\\\/2022\\\/03\\\/cropped-logo-mezzaluna-selvaggi.png\",\"contentUrl\":\"https:\\\/\\\/tenerifeescursioni.com\\\/wp-content\\\/uploads\\\/2022\\\/03\\\/cropped-logo-mezzaluna-selvaggi.png\",\"width\":375,\"height\":250,\"caption\":\"Selvaggi Tenerife\"},\"image\":{\"@id\":\"https:\\\/\\\/tenerifeescursioni.com\\\/#\\\/schema\\\/logo\\\/image\\\/\"}}]}<\/script>\n<!-- \/ Yoast SEO plugin. -->","yoast_head_json":{"title":"Banana Boat da brividi! - Selvaggi Tenerife","description":"Prenota un'avventura in banana boat da brividi a Tenerife con Selvaggi Tenerife! Goditi adrenalina e divertimento in sicurezza. Capienza fino a 12 persone.","robots":{"index":"index","follow":"follow","max-snippet":"max-snippet:-1","max-image-preview":"max-image-preview:large","max-video-preview":"max-video-preview:-1"},"canonical":"https:\/\/tenerifeescursioni.com\/en\/tours-e-escursioni-tenerife\/banana-boat\/","og_locale":"en_GB","og_type":"article","og_title":"Banana Boat da brividi! - Selvaggi Tenerife","og_description":"Prenota un'avventura in banana boat da brividi a Tenerife con Selvaggi Tenerife! Goditi adrenalina e divertimento in sicurezza. Capienza fino a 12 persone.","og_url":"https:\/\/tenerifeescursioni.com\/en\/tours-e-escursioni-tenerife\/banana-boat\/","og_site_name":"Selvaggi Tenerife","article_modified_time":"2024-06-07T10:20:02+00:00","og_image":[{"width":1443,"height":1080,"url":"https:\/\/tenerifeescursioni.com\/wp-content\/uploads\/2022\/03\/banana-boat-tenerife.webp","type":"image\/webp"}],"twitter_card":"summary_large_image","twitter_misc":{"Estimated reading time":"2 minutes"},"schema":{"@context":"https:\/\/schema.org","@graph":[{"@type":"WebPage","@id":"https:\/\/tenerifeescursioni.com\/tours-e-escursioni-tenerife\/banana-boat\/","url":"https:\/\/tenerifeescursioni.com\/tours-e-escursioni-tenerife\/banana-boat\/","name":"Banana Boat da brividi! - Selvaggi Tenerife","isPartOf":{"@id":"https:\/\/tenerifeescursioni.com\/#website"},"primaryImageOfPage":{"@id":"https:\/\/tenerifeescursioni.com\/tours-e-escursioni-tenerife\/banana-boat\/#primaryimage"},"image":{"@id":"https:\/\/tenerifeescursioni.com\/tours-e-escursioni-tenerife\/banana-boat\/#primaryimage"},"thumbnailUrl":"https:\/\/tenerifeescursioni.com\/wp-content\/uploads\/2022\/03\/banana-boat-tenerife.webp","datePublished":"2022-03-31T14:02:10+00:00","dateModified":"2024-06-07T10:20:02+00:00","description":"Prenota un'avventura in banana boat da brividi a Tenerife con Selvaggi Tenerife! Goditi adrenalina e divertimento in sicurezza. Capienza fino a 12 persone.","breadcrumb":{"@id":"https:\/\/tenerifeescursioni.com\/tours-e-escursioni-tenerife\/banana-boat\/#breadcrumb"},"inLanguage":"en-GB","potentialAction":[{"@type":"ReadAction","target":["https:\/\/tenerifeescursioni.com\/tours-e-escursioni-tenerife\/banana-boat\/"]}]},{"@type":"ImageObject","inLanguage":"en-GB","@id":"https:\/\/tenerifeescursioni.com\/tours-e-escursioni-tenerife\/banana-boat\/#primaryimage","url":"https:\/\/tenerifeescursioni.com\/wp-content\/uploads\/2022\/03\/banana-boat-tenerife.webp","contentUrl":"https:\/\/tenerifeescursioni.com\/wp-content\/uploads\/2022\/03\/banana-boat-tenerife.webp","width":1443,"height":1080,"caption":"Banana Boat da brivido"},{"@type":"BreadcrumbList","@id":"https:\/\/tenerifeescursioni.com\/tours-e-escursioni-tenerife\/banana-boat\/#breadcrumb","itemListElement":[{"@type":"ListItem","position":1,"name":"Home","item":"https:\/\/tenerifeescursioni.com\/"},{"@type":"ListItem","position":2,"name":"Shop","item":"https:\/\/tenerifeescursioni.com\/negozio\/"},{"@type":"ListItem","position":3,"name":"Banana Boat da brividi!"}]},{"@type":"WebSite","@id":"https:\/\/tenerifeescursioni.com\/#website","url":"https:\/\/tenerifeescursioni.com\/","name":"Selvaggi Tenerife","description":"Tour operator a Tenerife","publisher":{"@id":"https:\/\/tenerifeescursioni.com\/#organization"},"potentialAction":[{"@type":"SearchAction","target":{"@type":"EntryPoint","urlTemplate":"https:\/\/tenerifeescursioni.com\/?s={search_term_string}"},"query-input":{"@type":"PropertyValueSpecification","valueRequired":true,"valueName":"search_term_string"}}],"inLanguage":"en-GB"},{"@type":"Organization","@id":"https:\/\/tenerifeescursioni.com\/#organization","name":"Selvaggi Tenerife","url":"https:\/\/tenerifeescursioni.com\/","logo":{"@type":"ImageObject","inLanguage":"en-GB","@id":"https:\/\/tenerifeescursioni.com\/#\/schema\/logo\/image\/","url":"https:\/\/tenerifeescursioni.com\/wp-content\/uploads\/2022\/03\/cropped-logo-mezzaluna-selvaggi.png","contentUrl":"https:\/\/tenerifeescursioni.com\/wp-content\/uploads\/2022\/03\/cropped-logo-mezzaluna-selvaggi.png","width":375,"height":250,"caption":"Selvaggi Tenerife"},"image":{"@id":"https:\/\/tenerifeescursioni.com\/#\/schema\/logo\/image\/"}}]}},"_links":{"self":[{"href":"https:\/\/tenerifeescursioni.com\/en\/wp-json\/wp\/v2\/product\/7702","targetHints":{"allow":["GET"]}}],"collection":[{"href":"https:\/\/tenerifeescursioni.com\/en\/wp-json\/wp\/v2\/product"}],"about":[{"href":"https:\/\/tenerifeescursioni.com\/en\/wp-json\/wp\/v2\/types\/product"}],"replies":[{"embeddable":true,"href":"https:\/\/tenerifeescursioni.com\/en\/wp-json\/wp\/v2\/comments?post=7702"}],"wp:featuredmedia":[{"embeddable":true,"href":"https:\/\/tenerifeescursioni.com\/en\/wp-json\/wp\/v2\/media\/8089"}],"wp:attachment":[{"href":"https:\/\/tenerifeescursioni.com\/en\/wp-json\/wp\/v2\/media?parent=7702"}],"wp:term":[{"taxonomy":"product_brand","embeddable":true,"href":"https:\/\/tenerifeescursioni.com\/en\/wp-json\/wp\/v2\/product_brand?post=7702"},{"taxonomy":"product_cat","embeddable":true,"href":"https:\/\/tenerifeescursioni.com\/en\/wp-json\/wp\/v2\/product_cat?post=7702"},{"taxonomy":"product_tag","embeddable":true,"href":"https:\/\/tenerifeescursioni.com\/en\/wp-json\/wp\/v2\/product_tag?post=7702"}],"curies":[{"name":"wp","href":"https:\/\/api.w.org\/{rel}","templated":true}]}}