{"id":7732,"date":"2022-03-31T16:12:32","date_gmt":"2022-03-31T14:12:32","guid":{"rendered":"https:\/\/www.selvaggitenerife.com\/?post_type=product&#038;p=7732"},"modified":"2025-05-14T19:47:24","modified_gmt":"2025-05-14T17:47:24","slug":"loro-parque","status":"publish","type":"product","link":"https:\/\/tenerifeescursioni.com\/en\/tours-e-escursioni-tenerife\/loro-parque\/","title":{"rendered":"Loro Parque: A Blend of Nature and Entertainment"},"content":{"rendered":"<p class=\"p1 translation-block\">Welcome to the marvelous world of Loro Parque, a gem nestled in Puerto de la Cruz, inviting you to experience an extraordinary adventure in a one-of-a-kind theme park. Loro Parque is much more than a zoo; it is a place where nature and entertainment harmoniously blend, offering breathtaking attractions and the largest collection of parrots in the world. Here, you can enjoy an exciting and engaging show that will leave you and your family speechless.<\/p>\n<div class=\"flex flex-grow flex-col max-w-full\">\n<div class=\"min-h-[20px] text-message flex flex-col items-start whitespace-pre-wrap break-words [.text-message+&amp;]:mt-5 juice:w-full juice:items-end overflow-x-auto gap-2\" dir=\"auto\" data-message-author-role=\"assistant\" data-message-id=\"d20702f9-aa8d-446f-a857-d4bc4cdc7c85\">\n<div class=\"flex w-full flex-col gap-1 juice:empty:hidden juice:first:pt-[3px]\">\n<div class=\"markdown prose w-full break-words dark:prose-invert light\">\n<p class=\"translation-block\">Inside the park, fun is guaranteed with numerous shows featuring magnificent sea lions, dolphins, and orcas. Each show is designed to amaze and fascinate, creating unforgettable memories that will stay with you forever. The sea lion performances, with their acrobatics and games, and the elegant leaps of the dolphins are just the beginning of your adventure at Loro Parque.<\/p>\n<p class=\"translation-block\">Don't miss the chance to visit one of the largest aquariums in Europe, where the natural habitat of penguins has been impressively recreated. Here, you can observe these extraordinary inhabitants of the South Pole up close and learn more about their lives and the challenges they face in their natural environment.<\/p>\n<p class=\"translation-block\">Recently, the park has expanded its offerings with new attractions like the Zen Garden and Katandra Treetops. The latter is a faithful reproduction of an Australian jungle, complete with suspended bridges among the treetops. Here, you will have the unique opportunity to encounter and feed various birds and parrots in a natural and thrilling setting.<\/p>\n<p class=\"translation-block\">For the little ones, Kinderlandia is the perfect place to experience unforgettable adventures inspired by wild Africa. With climbing areas, slides, and exploratory paths, children will find endless opportunities for fun and discovery.<\/p>\n<p>So, what are you waiting for? Come and discover the world's best park, Loro Parque, and let yourself be captivated by the magic of an unparalleled experience. We look forward to seeing you!<\/p>\n<\/div>\n<\/div>\n<\/div>\n<\/div>\n<p>&nbsp;<\/p>\n<p><strong>INFO:<\/strong><\/p>\n<ul>\n<li class=\"p1 translation-block\"><span class=\"s1\"><b>Orario di apertura:<\/b> 9.30- 17:30 (gli orari potrebbero variare)<br>\r\n<\/span><\/li>\n<li class=\"p1 translation-block\"><span class=\"s1\">&nbsp;<\/span><span class=\"s1\"><b>Servizio Bus:&nbsp;<\/b>abbiamo a vostra disposizione un servizio di trasporto dalla zona sud dell\u2019 isola fino al Loro Parque, tutti i giorni.<br>\r\n<\/span><span class=\"s1\">Da Puerto de la Cruz c\u2019e\u2019 a disposizione un trenino gratuito fino al parco.<\/span><\/li>\n<\/ul>","protected":false},"excerpt":{"rendered":"<p>Benvenuti nel meraviglioso mondo del Loro Parque, un gioiello situato a Puerto de la Cruz, che vi invita a vivere un\u2019esperienza straordinaria in un parco tematico unico nel suo genere. Il Loro Parque \u00e8 molto pi\u00f9 di uno zoo: \u00e8 un luogo dove la natura e l&#8217;intrattenimento si fondono armoniosamente, offrendo attrazioni mozzafiato e la<\/p>\n<div class=\"padding-top text-center\"><a href=\"https:\/\/tenerifeescursioni.com\/en\/tours-e-escursioni-tenerife\/loro-parque\/\" class=\"atbtn atbtn--medium atbtn--rounded atbtn--transparent\">Leggi di pi\u00f9<i class=\"atbtn__icon atbtn__icon--right fa fa-long-arrow-right\"><\/i><\/a><\/div>","protected":false},"featured_media":8002,"comment_status":"closed","ping_status":"closed","template":"","meta":{"inline_featured_image":false},"product_brand":[],"product_cat":[184,92],"product_tag":[],"class_list":{"0":"post-7732","1":"product","2":"type-product","3":"status-publish","4":"has-post-thumbnail","6":"product_cat-parchi-tematici","7":"product_cat-tutti-i-prodotti","8":"tour_category-parchi-tematici","10":"first","11":"instock","12":"shipping-taxable","13":"purchasable","14":"product-type-tour"},"yoast_head":"<!-- This site is optimized with the Yoast SEO plugin v27.4 - https:\/\/yoast.com\/product\/yoast-seo-wordpress\/ -->\n<title>Loro Parque: tra natura e intrattenimento - Selvaggi Tenerife<\/title>\n<meta name=\"description\" content=\"Loro Parque, un gioiello situato a Puerto de la Cruz, \u00e8 molto pi\u00f9 di uno zoo: \u00e8 un luogo dove la natura e l&#039;intrattenimento si fondono armoniosamente.\" \/>\n<meta name=\"robots\" content=\"index, follow, max-snippet:-1, max-image-preview:large, max-video-preview:-1\" \/>\n<link rel=\"canonical\" href=\"https:\/\/tenerifeescursioni.com\/en\/tours-e-escursioni-tenerife\/loro-parque\/\" \/>\n<meta property=\"og:locale\" content=\"en_GB\" \/>\n<meta property=\"og:type\" content=\"article\" \/>\n<meta property=\"og:title\" content=\"Loro Parque: tra natura e intrattenimento - Selvaggi Tenerife\" \/>\n<meta property=\"og:description\" content=\"Loro Parque, un gioiello situato a Puerto de la Cruz, \u00e8 molto pi\u00f9 di uno zoo: \u00e8 un luogo dove la natura e l&#039;intrattenimento si fondono armoniosamente.\" \/>\n<meta property=\"og:url\" content=\"https:\/\/tenerifeescursioni.com\/en\/tours-e-escursioni-tenerife\/loro-parque\/\" \/>\n<meta property=\"og:site_name\" content=\"Selvaggi Tenerife\" \/>\n<meta property=\"article:modified_time\" content=\"2025-05-14T17:47:24+00:00\" \/>\n<meta property=\"og:image\" content=\"https:\/\/tenerifeescursioni.com\/wp-content\/uploads\/2022\/03\/loro-parque-selvaggi-tenerife.jpg\" \/>\n\t<meta property=\"og:image:width\" content=\"1920\" \/>\n\t<meta property=\"og:image:height\" content=\"800\" \/>\n\t<meta property=\"og:image:type\" content=\"image\/jpeg\" \/>\n<meta name=\"twitter:card\" content=\"summary_large_image\" \/>\n<meta name=\"twitter:label1\" content=\"Estimated reading time\" \/>\n\t<meta name=\"twitter:data1\" content=\"3 minutes\" \/>\n<script type=\"application\/ld+json\" class=\"yoast-schema-graph\">{\"@context\":\"https:\\\/\\\/schema.org\",\"@graph\":[{\"@type\":\"WebPage\",\"@id\":\"https:\\\/\\\/tenerifeescursioni.com\\\/tours-e-escursioni-tenerife\\\/loro-parque\\\/\",\"url\":\"https:\\\/\\\/tenerifeescursioni.com\\\/tours-e-escursioni-tenerife\\\/loro-parque\\\/\",\"name\":\"Loro Parque: tra natura e intrattenimento - Selvaggi Tenerife\",\"isPartOf\":{\"@id\":\"https:\\\/\\\/tenerifeescursioni.com\\\/#website\"},\"primaryImageOfPage\":{\"@id\":\"https:\\\/\\\/tenerifeescursioni.com\\\/tours-e-escursioni-tenerife\\\/loro-parque\\\/#primaryimage\"},\"image\":{\"@id\":\"https:\\\/\\\/tenerifeescursioni.com\\\/tours-e-escursioni-tenerife\\\/loro-parque\\\/#primaryimage\"},\"thumbnailUrl\":\"https:\\\/\\\/tenerifeescursioni.com\\\/wp-content\\\/uploads\\\/2022\\\/03\\\/loro-parque-selvaggi-tenerife.jpg\",\"datePublished\":\"2022-03-31T14:12:32+00:00\",\"dateModified\":\"2025-05-14T17:47:24+00:00\",\"description\":\"Loro Parque, un gioiello situato a Puerto de la Cruz, \u00e8 molto pi\u00f9 di uno zoo: \u00e8 un luogo dove la natura e l'intrattenimento si fondono armoniosamente.\",\"breadcrumb\":{\"@id\":\"https:\\\/\\\/tenerifeescursioni.com\\\/tours-e-escursioni-tenerife\\\/loro-parque\\\/#breadcrumb\"},\"inLanguage\":\"en-GB\",\"potentialAction\":[{\"@type\":\"ReadAction\",\"target\":[\"https:\\\/\\\/tenerifeescursioni.com\\\/tours-e-escursioni-tenerife\\\/loro-parque\\\/\"]}]},{\"@type\":\"ImageObject\",\"inLanguage\":\"en-GB\",\"@id\":\"https:\\\/\\\/tenerifeescursioni.com\\\/tours-e-escursioni-tenerife\\\/loro-parque\\\/#primaryimage\",\"url\":\"https:\\\/\\\/tenerifeescursioni.com\\\/wp-content\\\/uploads\\\/2022\\\/03\\\/loro-parque-selvaggi-tenerife.jpg\",\"contentUrl\":\"https:\\\/\\\/tenerifeescursioni.com\\\/wp-content\\\/uploads\\\/2022\\\/03\\\/loro-parque-selvaggi-tenerife.jpg\",\"width\":1920,\"height\":800,\"caption\":\"Loro Parque\"},{\"@type\":\"BreadcrumbList\",\"@id\":\"https:\\\/\\\/tenerifeescursioni.com\\\/tours-e-escursioni-tenerife\\\/loro-parque\\\/#breadcrumb\",\"itemListElement\":[{\"@type\":\"ListItem\",\"position\":1,\"name\":\"Home\",\"item\":\"https:\\\/\\\/tenerifeescursioni.com\\\/\"},{\"@type\":\"ListItem\",\"position\":2,\"name\":\"Shop\",\"item\":\"https:\\\/\\\/tenerifeescursioni.com\\\/negozio\\\/\"},{\"@type\":\"ListItem\",\"position\":3,\"name\":\"Loro Parque: tra natura e intrattenimento\"}]},{\"@type\":\"WebSite\",\"@id\":\"https:\\\/\\\/tenerifeescursioni.com\\\/#website\",\"url\":\"https:\\\/\\\/tenerifeescursioni.com\\\/\",\"name\":\"Selvaggi Tenerife\",\"description\":\"Tour operator a Tenerife\",\"publisher\":{\"@id\":\"https:\\\/\\\/tenerifeescursioni.com\\\/#organization\"},\"potentialAction\":[{\"@type\":\"SearchAction\",\"target\":{\"@type\":\"EntryPoint\",\"urlTemplate\":\"https:\\\/\\\/tenerifeescursioni.com\\\/?s={search_term_string}\"},\"query-input\":{\"@type\":\"PropertyValueSpecification\",\"valueRequired\":true,\"valueName\":\"search_term_string\"}}],\"inLanguage\":\"en-GB\"},{\"@type\":\"Organization\",\"@id\":\"https:\\\/\\\/tenerifeescursioni.com\\\/#organization\",\"name\":\"Selvaggi Tenerife\",\"url\":\"https:\\\/\\\/tenerifeescursioni.com\\\/\",\"logo\":{\"@type\":\"ImageObject\",\"inLanguage\":\"en-GB\",\"@id\":\"https:\\\/\\\/tenerifeescursioni.com\\\/#\\\/schema\\\/logo\\\/image\\\/\",\"url\":\"https:\\\/\\\/tenerifeescursioni.com\\\/wp-content\\\/uploads\\\/2022\\\/03\\\/cropped-logo-mezzaluna-selvaggi.png\",\"contentUrl\":\"https:\\\/\\\/tenerifeescursioni.com\\\/wp-content\\\/uploads\\\/2022\\\/03\\\/cropped-logo-mezzaluna-selvaggi.png\",\"width\":375,\"height\":250,\"caption\":\"Selvaggi Tenerife\"},\"image\":{\"@id\":\"https:\\\/\\\/tenerifeescursioni.com\\\/#\\\/schema\\\/logo\\\/image\\\/\"}}]}<\/script>\n<!-- \/ Yoast SEO plugin. -->","yoast_head_json":{"title":"Loro Parque: tra natura e intrattenimento - Selvaggi Tenerife","description":"Loro Parque, un gioiello situato a Puerto de la Cruz, \u00e8 molto pi\u00f9 di uno zoo: \u00e8 un luogo dove la natura e l'intrattenimento si fondono armoniosamente.","robots":{"index":"index","follow":"follow","max-snippet":"max-snippet:-1","max-image-preview":"max-image-preview:large","max-video-preview":"max-video-preview:-1"},"canonical":"https:\/\/tenerifeescursioni.com\/en\/tours-e-escursioni-tenerife\/loro-parque\/","og_locale":"en_GB","og_type":"article","og_title":"Loro Parque: tra natura e intrattenimento - Selvaggi Tenerife","og_description":"Loro Parque, un gioiello situato a Puerto de la Cruz, \u00e8 molto pi\u00f9 di uno zoo: \u00e8 un luogo dove la natura e l'intrattenimento si fondono armoniosamente.","og_url":"https:\/\/tenerifeescursioni.com\/en\/tours-e-escursioni-tenerife\/loro-parque\/","og_site_name":"Selvaggi Tenerife","article_modified_time":"2025-05-14T17:47:24+00:00","og_image":[{"width":1920,"height":800,"url":"https:\/\/tenerifeescursioni.com\/wp-content\/uploads\/2022\/03\/loro-parque-selvaggi-tenerife.jpg","type":"image\/jpeg"}],"twitter_card":"summary_large_image","twitter_misc":{"Estimated reading time":"3 minutes"},"schema":{"@context":"https:\/\/schema.org","@graph":[{"@type":"WebPage","@id":"https:\/\/tenerifeescursioni.com\/tours-e-escursioni-tenerife\/loro-parque\/","url":"https:\/\/tenerifeescursioni.com\/tours-e-escursioni-tenerife\/loro-parque\/","name":"Loro Parque: tra natura e intrattenimento - Selvaggi Tenerife","isPartOf":{"@id":"https:\/\/tenerifeescursioni.com\/#website"},"primaryImageOfPage":{"@id":"https:\/\/tenerifeescursioni.com\/tours-e-escursioni-tenerife\/loro-parque\/#primaryimage"},"image":{"@id":"https:\/\/tenerifeescursioni.com\/tours-e-escursioni-tenerife\/loro-parque\/#primaryimage"},"thumbnailUrl":"https:\/\/tenerifeescursioni.com\/wp-content\/uploads\/2022\/03\/loro-parque-selvaggi-tenerife.jpg","datePublished":"2022-03-31T14:12:32+00:00","dateModified":"2025-05-14T17:47:24+00:00","description":"Loro Parque, un gioiello situato a Puerto de la Cruz, \u00e8 molto pi\u00f9 di uno zoo: \u00e8 un luogo dove la natura e l'intrattenimento si fondono armoniosamente.","breadcrumb":{"@id":"https:\/\/tenerifeescursioni.com\/tours-e-escursioni-tenerife\/loro-parque\/#breadcrumb"},"inLanguage":"en-GB","potentialAction":[{"@type":"ReadAction","target":["https:\/\/tenerifeescursioni.com\/tours-e-escursioni-tenerife\/loro-parque\/"]}]},{"@type":"ImageObject","inLanguage":"en-GB","@id":"https:\/\/tenerifeescursioni.com\/tours-e-escursioni-tenerife\/loro-parque\/#primaryimage","url":"https:\/\/tenerifeescursioni.com\/wp-content\/uploads\/2022\/03\/loro-parque-selvaggi-tenerife.jpg","contentUrl":"https:\/\/tenerifeescursioni.com\/wp-content\/uploads\/2022\/03\/loro-parque-selvaggi-tenerife.jpg","width":1920,"height":800,"caption":"Loro Parque"},{"@type":"BreadcrumbList","@id":"https:\/\/tenerifeescursioni.com\/tours-e-escursioni-tenerife\/loro-parque\/#breadcrumb","itemListElement":[{"@type":"ListItem","position":1,"name":"Home","item":"https:\/\/tenerifeescursioni.com\/"},{"@type":"ListItem","position":2,"name":"Shop","item":"https:\/\/tenerifeescursioni.com\/negozio\/"},{"@type":"ListItem","position":3,"name":"Loro Parque: tra natura e intrattenimento"}]},{"@type":"WebSite","@id":"https:\/\/tenerifeescursioni.com\/#website","url":"https:\/\/tenerifeescursioni.com\/","name":"Selvaggi Tenerife","description":"Tour operator a Tenerife","publisher":{"@id":"https:\/\/tenerifeescursioni.com\/#organization"},"potentialAction":[{"@type":"SearchAction","target":{"@type":"EntryPoint","urlTemplate":"https:\/\/tenerifeescursioni.com\/?s={search_term_string}"},"query-input":{"@type":"PropertyValueSpecification","valueRequired":true,"valueName":"search_term_string"}}],"inLanguage":"en-GB"},{"@type":"Organization","@id":"https:\/\/tenerifeescursioni.com\/#organization","name":"Selvaggi Tenerife","url":"https:\/\/tenerifeescursioni.com\/","logo":{"@type":"ImageObject","inLanguage":"en-GB","@id":"https:\/\/tenerifeescursioni.com\/#\/schema\/logo\/image\/","url":"https:\/\/tenerifeescursioni.com\/wp-content\/uploads\/2022\/03\/cropped-logo-mezzaluna-selvaggi.png","contentUrl":"https:\/\/tenerifeescursioni.com\/wp-content\/uploads\/2022\/03\/cropped-logo-mezzaluna-selvaggi.png","width":375,"height":250,"caption":"Selvaggi Tenerife"},"image":{"@id":"https:\/\/tenerifeescursioni.com\/#\/schema\/logo\/image\/"}}]}},"_links":{"self":[{"href":"https:\/\/tenerifeescursioni.com\/en\/wp-json\/wp\/v2\/product\/7732","targetHints":{"allow":["GET"]}}],"collection":[{"href":"https:\/\/tenerifeescursioni.com\/en\/wp-json\/wp\/v2\/product"}],"about":[{"href":"https:\/\/tenerifeescursioni.com\/en\/wp-json\/wp\/v2\/types\/product"}],"replies":[{"embeddable":true,"href":"https:\/\/tenerifeescursioni.com\/en\/wp-json\/wp\/v2\/comments?post=7732"}],"wp:featuredmedia":[{"embeddable":true,"href":"https:\/\/tenerifeescursioni.com\/en\/wp-json\/wp\/v2\/media\/8002"}],"wp:attachment":[{"href":"https:\/\/tenerifeescursioni.com\/en\/wp-json\/wp\/v2\/media?parent=7732"}],"wp:term":[{"taxonomy":"product_brand","embeddable":true,"href":"https:\/\/tenerifeescursioni.com\/en\/wp-json\/wp\/v2\/product_brand?post=7732"},{"taxonomy":"product_cat","embeddable":true,"href":"https:\/\/tenerifeescursioni.com\/en\/wp-json\/wp\/v2\/product_cat?post=7732"},{"taxonomy":"product_tag","embeddable":true,"href":"https:\/\/tenerifeescursioni.com\/en\/wp-json\/wp\/v2\/product_tag?post=7732"}],"curies":[{"name":"wp","href":"https:\/\/api.w.org\/{rel}","templated":true}]}}