{"id":7750,"date":"2022-03-31T16:16:16","date_gmt":"2022-03-31T14:16:16","guid":{"rendered":"https:\/\/www.selvaggitenerife.com\/?post_type=product&#038;p=7750"},"modified":"2025-05-14T19:41:11","modified_gmt":"2025-05-14T17:41:11","slug":"santa-cruz-la-laguna-e-anaga-esplora-i-tesori-di-tenerife","status":"publish","type":"product","link":"https:\/\/tenerifeescursioni.com\/en\/product\/santa-cruz-la-laguna-e-anaga-esplora-i-tesori-di-tenerife\/","title":{"rendered":"Santa Cruz, La Laguna e Anaga: Esplora i Tesori di Tenerife"},"content":{"rendered":"<h4><strong>Esplora i Tesori di Tenerife: Escursione tra Santa Cruz, La Laguna e Anaga<\/strong><\/h4>\n<p class=\"s5\"><span class=\"s4\">Esplora i Tesori di Tenerife: Santa Cruz, La Laguna e Anaga, un&#8217;escursione che<\/span><span class=\"s3\">\u00a0ti porter\u00e0 dalla pi\u00f9 moderna citt\u00e0 e capitale di\u00a0<\/span><span class=\"s4\">Tenerife<\/span><span class=\"s3\">, attraversando una citt\u00e0 storica e coloniale fino a raggiungere l\u2019interno del Parco rurale Anaga, dichiarato <em>Riserva Naturale della Biosfera<\/em>, alla scoperta di un tipico borgo sul mare.<\/span><\/p>\n<p class=\"s5\"><span class=\"s3\"><span class=\"s4\">Santa Cruz, La Laguna e Anaga \u00e8 u<\/span>n\u2019escursione di contrasti che ti permetter\u00e0 di conoscere l\u2019essenza e la storia dell\u2019isola.<\/span><\/p>\n<p class=\"s5 translation-block\">Our first stop is Santa Cruz de Tenerife, the island's capital and a major maritime hub of the Canary Islands. Here, you can marvel at fascinating buildings such as the Tenerife Auditorium and avant-garde structures like Plaza de Espa\u00f1a and Plaza Weyler.<\/p>\n<p class=\"s5 translation-block\">Next, we head to La Laguna, the first city founded in Tenerife after its conquest. This historic gem was declared a UNESCO World Heritage Site in 1999. Stroll through its picturesque streets, rich in history and culture.<\/p>\n<p class=\"s5 translation-block\">We then venture into the imposing Anaga Massif, also a UNESCO Biosphere Reserve. This natural space is home to one of Europe\u2019s most precious treasures: the laurel forest from the Tertiary era.<\/p>\n<p class=\"s5\"><span class=\"s3\">Scendendo verso la bellissima costa nord-orientale dell\u2019isola raggiungeremo l\u2019affascinante <strong>citt\u00e0 di Anaga<\/strong>, che si distingue per la sua bellezza naturale e le sue vedute sull\u2019oceano e sulle scogliere.<\/span><\/p>\n<p class=\"s5\"><span class=\"s3\">Nella frazione di Anaga<\/span><span class=\"s3\">\u00a0avrai del tempo libero per passeggiare, pranzare e gustare la cucina delle Canarie, la nostra guida ti consiglier\u00e0 alcuni dei menu della cucina locale. Dopo pranzo e un giorno conoscendo alcuni dei tesori di Tenerife, torneremo al punto di partenza.<\/span><\/p>\n<p><strong>INFO:<\/strong><\/p>\n<ul>\n<li>Lunch not included<\/li>\n<li>Guided tour<\/li>\n<li class=\"s9\"><span class=\"s7\">Suitable for people with disabilities or reduced mobility.<\/span><\/li>\n<li class=\"s9\"><span class=\"s7\">A maximum of 2 wheelchairs per bus.<\/span><\/li>\n<li class=\"s9\"><span class=\"s7\">The degree of disability must allow the person to board the bus with the assistance of a companion.<\/span><\/li>\n<\/ul>","protected":false},"excerpt":{"rendered":"<p>Esplora i Tesori di Tenerife: Escursione tra Santa Cruz, La Laguna e Anaga Esplora i Tesori di Tenerife: Santa Cruz, La Laguna e Anaga, un&#8217;escursione che\u00a0ti porter\u00e0 dalla pi\u00f9 moderna citt\u00e0 e capitale di\u00a0Tenerife, attraversando una citt\u00e0 storica e coloniale fino a raggiungere l\u2019interno del Parco rurale Anaga, dichiarato Riserva Naturale della Biosfera, alla scoperta<\/p>\n<div class=\"padding-top text-center\"><a href=\"https:\/\/tenerifeescursioni.com\/en\/product\/santa-cruz-la-laguna-e-anaga-esplora-i-tesori-di-tenerife\/\" class=\"atbtn atbtn--medium atbtn--rounded atbtn--transparent\">Leggi di pi\u00f9<i class=\"atbtn__icon atbtn__icon--right fa fa-long-arrow-right\"><\/i><\/a><\/div>","protected":false},"featured_media":8152,"comment_status":"closed","ping_status":"closed","template":"","meta":{"inline_featured_image":false},"product_brand":[],"product_cat":[185,92],"product_tag":[],"class_list":{"0":"post-7750","1":"product","2":"type-product","3":"status-publish","4":"has-post-thumbnail","6":"product_cat-bus-tour","7":"product_cat-tutti-i-prodotti","8":"tour_category-escursioni-in-bus","10":"first","11":"instock","12":"shipping-taxable","13":"purchasable","14":"product-type-variable"},"yoast_head":"<!-- This site is optimized with the Yoast SEO plugin v27.4 - https:\/\/yoast.com\/product\/yoast-seo-wordpress\/ -->\n<title>Santa Cruz, La Laguna e Anaga: Esplora i Tesori di Tenerife - Selvaggi Tenerife<\/title>\n<meta name=\"description\" content=\"Esplora i Tesori di Tenerife: Santa Cruz, La Laguna e Anaga, un&#039;escursione che\u00a0ti porter\u00e0 dalla pi\u00f9 moderna citt\u00e0 e capitale di\u00a0Tenerife.\" \/>\n<meta name=\"robots\" content=\"index, follow, max-snippet:-1, max-image-preview:large, max-video-preview:-1\" \/>\n<link rel=\"canonical\" href=\"https:\/\/tenerifeescursioni.com\/en\/product\/santa-cruz-la-laguna-e-anaga-esplora-i-tesori-di-tenerife\/\" \/>\n<meta property=\"og:locale\" content=\"en_GB\" \/>\n<meta property=\"og:type\" content=\"article\" \/>\n<meta property=\"og:title\" content=\"Santa Cruz, La Laguna e Anaga: Esplora i Tesori di Tenerife - Selvaggi Tenerife\" \/>\n<meta property=\"og:description\" content=\"Esplora i Tesori di Tenerife: Santa Cruz, La Laguna e Anaga, un&#039;escursione che\u00a0ti porter\u00e0 dalla pi\u00f9 moderna citt\u00e0 e capitale di\u00a0Tenerife.\" \/>\n<meta property=\"og:url\" content=\"https:\/\/tenerifeescursioni.com\/en\/product\/santa-cruz-la-laguna-e-anaga-esplora-i-tesori-di-tenerife\/\" \/>\n<meta property=\"og:site_name\" content=\"Selvaggi Tenerife\" \/>\n<meta property=\"article:modified_time\" content=\"2025-05-14T17:41:11+00:00\" \/>\n<meta property=\"og:image\" content=\"https:\/\/tenerifeescursioni.com\/wp-content\/uploads\/2022\/03\/SAN-CRISTOBALA-DE-LA-LAGUNA-Pueblos-mas-bonitos-de-Tenerife.jpg\" \/>\n\t<meta property=\"og:image:width\" content=\"1200\" \/>\n\t<meta property=\"og:image:height\" content=\"800\" \/>\n\t<meta property=\"og:image:type\" content=\"image\/jpeg\" \/>\n<meta name=\"twitter:card\" content=\"summary_large_image\" \/>\n<meta name=\"twitter:label1\" content=\"Estimated reading time\" \/>\n\t<meta name=\"twitter:data1\" content=\"2 minutes\" \/>\n<script type=\"application\/ld+json\" class=\"yoast-schema-graph\">{\"@context\":\"https:\\\/\\\/schema.org\",\"@graph\":[{\"@type\":\"WebPage\",\"@id\":\"https:\\\/\\\/tenerifeescursioni.com\\\/prodotto\\\/santa-cruz-la-laguna-e-anaga-esplora-i-tesori-di-tenerife\\\/\",\"url\":\"https:\\\/\\\/tenerifeescursioni.com\\\/prodotto\\\/santa-cruz-la-laguna-e-anaga-esplora-i-tesori-di-tenerife\\\/\",\"name\":\"Santa Cruz, La Laguna e Anaga: Esplora i Tesori di Tenerife - Selvaggi Tenerife\",\"isPartOf\":{\"@id\":\"https:\\\/\\\/tenerifeescursioni.com\\\/#website\"},\"primaryImageOfPage\":{\"@id\":\"https:\\\/\\\/tenerifeescursioni.com\\\/prodotto\\\/santa-cruz-la-laguna-e-anaga-esplora-i-tesori-di-tenerife\\\/#primaryimage\"},\"image\":{\"@id\":\"https:\\\/\\\/tenerifeescursioni.com\\\/prodotto\\\/santa-cruz-la-laguna-e-anaga-esplora-i-tesori-di-tenerife\\\/#primaryimage\"},\"thumbnailUrl\":\"https:\\\/\\\/tenerifeescursioni.com\\\/wp-content\\\/uploads\\\/2022\\\/03\\\/SAN-CRISTOBALA-DE-LA-LAGUNA-Pueblos-mas-bonitos-de-Tenerife.jpg\",\"datePublished\":\"2022-03-31T14:16:16+00:00\",\"dateModified\":\"2025-05-14T17:41:11+00:00\",\"description\":\"Esplora i Tesori di Tenerife: Santa Cruz, La Laguna e Anaga, un'escursione che\u00a0ti porter\u00e0 dalla pi\u00f9 moderna citt\u00e0 e capitale di\u00a0Tenerife.\",\"breadcrumb\":{\"@id\":\"https:\\\/\\\/tenerifeescursioni.com\\\/prodotto\\\/santa-cruz-la-laguna-e-anaga-esplora-i-tesori-di-tenerife\\\/#breadcrumb\"},\"inLanguage\":\"en-GB\",\"potentialAction\":[{\"@type\":\"ReadAction\",\"target\":[\"https:\\\/\\\/tenerifeescursioni.com\\\/prodotto\\\/santa-cruz-la-laguna-e-anaga-esplora-i-tesori-di-tenerife\\\/\"]}]},{\"@type\":\"ImageObject\",\"inLanguage\":\"en-GB\",\"@id\":\"https:\\\/\\\/tenerifeescursioni.com\\\/prodotto\\\/santa-cruz-la-laguna-e-anaga-esplora-i-tesori-di-tenerife\\\/#primaryimage\",\"url\":\"https:\\\/\\\/tenerifeescursioni.com\\\/wp-content\\\/uploads\\\/2022\\\/03\\\/SAN-CRISTOBALA-DE-LA-LAGUNA-Pueblos-mas-bonitos-de-Tenerife.jpg\",\"contentUrl\":\"https:\\\/\\\/tenerifeescursioni.com\\\/wp-content\\\/uploads\\\/2022\\\/03\\\/SAN-CRISTOBALA-DE-LA-LAGUNA-Pueblos-mas-bonitos-de-Tenerife.jpg\",\"width\":1200,\"height\":800,\"caption\":\"Santa Cruz, La Laguna e Taganana: Esplora i Tesori di Tenerife\"},{\"@type\":\"BreadcrumbList\",\"@id\":\"https:\\\/\\\/tenerifeescursioni.com\\\/prodotto\\\/santa-cruz-la-laguna-e-anaga-esplora-i-tesori-di-tenerife\\\/#breadcrumb\",\"itemListElement\":[{\"@type\":\"ListItem\",\"position\":1,\"name\":\"Home\",\"item\":\"https:\\\/\\\/tenerifeescursioni.com\\\/\"},{\"@type\":\"ListItem\",\"position\":2,\"name\":\"Shop\",\"item\":\"https:\\\/\\\/tenerifeescursioni.com\\\/negozio\\\/\"},{\"@type\":\"ListItem\",\"position\":3,\"name\":\"Santa Cruz, La Laguna e Anaga: Esplora i Tesori di Tenerife\"}]},{\"@type\":\"WebSite\",\"@id\":\"https:\\\/\\\/tenerifeescursioni.com\\\/#website\",\"url\":\"https:\\\/\\\/tenerifeescursioni.com\\\/\",\"name\":\"Selvaggi Tenerife\",\"description\":\"Tour operator a Tenerife\",\"publisher\":{\"@id\":\"https:\\\/\\\/tenerifeescursioni.com\\\/#organization\"},\"potentialAction\":[{\"@type\":\"SearchAction\",\"target\":{\"@type\":\"EntryPoint\",\"urlTemplate\":\"https:\\\/\\\/tenerifeescursioni.com\\\/?s={search_term_string}\"},\"query-input\":{\"@type\":\"PropertyValueSpecification\",\"valueRequired\":true,\"valueName\":\"search_term_string\"}}],\"inLanguage\":\"en-GB\"},{\"@type\":\"Organization\",\"@id\":\"https:\\\/\\\/tenerifeescursioni.com\\\/#organization\",\"name\":\"Selvaggi Tenerife\",\"url\":\"https:\\\/\\\/tenerifeescursioni.com\\\/\",\"logo\":{\"@type\":\"ImageObject\",\"inLanguage\":\"en-GB\",\"@id\":\"https:\\\/\\\/tenerifeescursioni.com\\\/#\\\/schema\\\/logo\\\/image\\\/\",\"url\":\"https:\\\/\\\/tenerifeescursioni.com\\\/wp-content\\\/uploads\\\/2022\\\/03\\\/cropped-logo-mezzaluna-selvaggi.png\",\"contentUrl\":\"https:\\\/\\\/tenerifeescursioni.com\\\/wp-content\\\/uploads\\\/2022\\\/03\\\/cropped-logo-mezzaluna-selvaggi.png\",\"width\":375,\"height\":250,\"caption\":\"Selvaggi Tenerife\"},\"image\":{\"@id\":\"https:\\\/\\\/tenerifeescursioni.com\\\/#\\\/schema\\\/logo\\\/image\\\/\"}}]}<\/script>\n<!-- \/ Yoast SEO plugin. -->","yoast_head_json":{"title":"Santa Cruz, La Laguna e Anaga: Esplora i Tesori di Tenerife - Selvaggi Tenerife","description":"Esplora i Tesori di Tenerife: Santa Cruz, La Laguna e Anaga, un'escursione che\u00a0ti porter\u00e0 dalla pi\u00f9 moderna citt\u00e0 e capitale di\u00a0Tenerife.","robots":{"index":"index","follow":"follow","max-snippet":"max-snippet:-1","max-image-preview":"max-image-preview:large","max-video-preview":"max-video-preview:-1"},"canonical":"https:\/\/tenerifeescursioni.com\/en\/product\/santa-cruz-la-laguna-e-anaga-esplora-i-tesori-di-tenerife\/","og_locale":"en_GB","og_type":"article","og_title":"Santa Cruz, La Laguna e Anaga: Esplora i Tesori di Tenerife - Selvaggi Tenerife","og_description":"Esplora i Tesori di Tenerife: Santa Cruz, La Laguna e Anaga, un'escursione che\u00a0ti porter\u00e0 dalla pi\u00f9 moderna citt\u00e0 e capitale di\u00a0Tenerife.","og_url":"https:\/\/tenerifeescursioni.com\/en\/product\/santa-cruz-la-laguna-e-anaga-esplora-i-tesori-di-tenerife\/","og_site_name":"Selvaggi Tenerife","article_modified_time":"2025-05-14T17:41:11+00:00","og_image":[{"width":1200,"height":800,"url":"https:\/\/tenerifeescursioni.com\/wp-content\/uploads\/2022\/03\/SAN-CRISTOBALA-DE-LA-LAGUNA-Pueblos-mas-bonitos-de-Tenerife.jpg","type":"image\/jpeg"}],"twitter_card":"summary_large_image","twitter_misc":{"Estimated reading time":"2 minutes"},"schema":{"@context":"https:\/\/schema.org","@graph":[{"@type":"WebPage","@id":"https:\/\/tenerifeescursioni.com\/prodotto\/santa-cruz-la-laguna-e-anaga-esplora-i-tesori-di-tenerife\/","url":"https:\/\/tenerifeescursioni.com\/prodotto\/santa-cruz-la-laguna-e-anaga-esplora-i-tesori-di-tenerife\/","name":"Santa Cruz, La Laguna e Anaga: Esplora i Tesori di Tenerife - Selvaggi Tenerife","isPartOf":{"@id":"https:\/\/tenerifeescursioni.com\/#website"},"primaryImageOfPage":{"@id":"https:\/\/tenerifeescursioni.com\/prodotto\/santa-cruz-la-laguna-e-anaga-esplora-i-tesori-di-tenerife\/#primaryimage"},"image":{"@id":"https:\/\/tenerifeescursioni.com\/prodotto\/santa-cruz-la-laguna-e-anaga-esplora-i-tesori-di-tenerife\/#primaryimage"},"thumbnailUrl":"https:\/\/tenerifeescursioni.com\/wp-content\/uploads\/2022\/03\/SAN-CRISTOBALA-DE-LA-LAGUNA-Pueblos-mas-bonitos-de-Tenerife.jpg","datePublished":"2022-03-31T14:16:16+00:00","dateModified":"2025-05-14T17:41:11+00:00","description":"Esplora i Tesori di Tenerife: Santa Cruz, La Laguna e Anaga, un'escursione che\u00a0ti porter\u00e0 dalla pi\u00f9 moderna citt\u00e0 e capitale di\u00a0Tenerife.","breadcrumb":{"@id":"https:\/\/tenerifeescursioni.com\/prodotto\/santa-cruz-la-laguna-e-anaga-esplora-i-tesori-di-tenerife\/#breadcrumb"},"inLanguage":"en-GB","potentialAction":[{"@type":"ReadAction","target":["https:\/\/tenerifeescursioni.com\/prodotto\/santa-cruz-la-laguna-e-anaga-esplora-i-tesori-di-tenerife\/"]}]},{"@type":"ImageObject","inLanguage":"en-GB","@id":"https:\/\/tenerifeescursioni.com\/prodotto\/santa-cruz-la-laguna-e-anaga-esplora-i-tesori-di-tenerife\/#primaryimage","url":"https:\/\/tenerifeescursioni.com\/wp-content\/uploads\/2022\/03\/SAN-CRISTOBALA-DE-LA-LAGUNA-Pueblos-mas-bonitos-de-Tenerife.jpg","contentUrl":"https:\/\/tenerifeescursioni.com\/wp-content\/uploads\/2022\/03\/SAN-CRISTOBALA-DE-LA-LAGUNA-Pueblos-mas-bonitos-de-Tenerife.jpg","width":1200,"height":800,"caption":"Santa Cruz, La Laguna e Taganana: Esplora i Tesori di Tenerife"},{"@type":"BreadcrumbList","@id":"https:\/\/tenerifeescursioni.com\/prodotto\/santa-cruz-la-laguna-e-anaga-esplora-i-tesori-di-tenerife\/#breadcrumb","itemListElement":[{"@type":"ListItem","position":1,"name":"Home","item":"https:\/\/tenerifeescursioni.com\/"},{"@type":"ListItem","position":2,"name":"Shop","item":"https:\/\/tenerifeescursioni.com\/negozio\/"},{"@type":"ListItem","position":3,"name":"Santa Cruz, La Laguna e Anaga: Esplora i Tesori di Tenerife"}]},{"@type":"WebSite","@id":"https:\/\/tenerifeescursioni.com\/#website","url":"https:\/\/tenerifeescursioni.com\/","name":"Selvaggi Tenerife","description":"Tour operator a Tenerife","publisher":{"@id":"https:\/\/tenerifeescursioni.com\/#organization"},"potentialAction":[{"@type":"SearchAction","target":{"@type":"EntryPoint","urlTemplate":"https:\/\/tenerifeescursioni.com\/?s={search_term_string}"},"query-input":{"@type":"PropertyValueSpecification","valueRequired":true,"valueName":"search_term_string"}}],"inLanguage":"en-GB"},{"@type":"Organization","@id":"https:\/\/tenerifeescursioni.com\/#organization","name":"Selvaggi Tenerife","url":"https:\/\/tenerifeescursioni.com\/","logo":{"@type":"ImageObject","inLanguage":"en-GB","@id":"https:\/\/tenerifeescursioni.com\/#\/schema\/logo\/image\/","url":"https:\/\/tenerifeescursioni.com\/wp-content\/uploads\/2022\/03\/cropped-logo-mezzaluna-selvaggi.png","contentUrl":"https:\/\/tenerifeescursioni.com\/wp-content\/uploads\/2022\/03\/cropped-logo-mezzaluna-selvaggi.png","width":375,"height":250,"caption":"Selvaggi Tenerife"},"image":{"@id":"https:\/\/tenerifeescursioni.com\/#\/schema\/logo\/image\/"}}]}},"_links":{"self":[{"href":"https:\/\/tenerifeescursioni.com\/en\/wp-json\/wp\/v2\/product\/7750","targetHints":{"allow":["GET"]}}],"collection":[{"href":"https:\/\/tenerifeescursioni.com\/en\/wp-json\/wp\/v2\/product"}],"about":[{"href":"https:\/\/tenerifeescursioni.com\/en\/wp-json\/wp\/v2\/types\/product"}],"replies":[{"embeddable":true,"href":"https:\/\/tenerifeescursioni.com\/en\/wp-json\/wp\/v2\/comments?post=7750"}],"wp:featuredmedia":[{"embeddable":true,"href":"https:\/\/tenerifeescursioni.com\/en\/wp-json\/wp\/v2\/media\/8152"}],"wp:attachment":[{"href":"https:\/\/tenerifeescursioni.com\/en\/wp-json\/wp\/v2\/media?parent=7750"}],"wp:term":[{"taxonomy":"product_brand","embeddable":true,"href":"https:\/\/tenerifeescursioni.com\/en\/wp-json\/wp\/v2\/product_brand?post=7750"},{"taxonomy":"product_cat","embeddable":true,"href":"https:\/\/tenerifeescursioni.com\/en\/wp-json\/wp\/v2\/product_cat?post=7750"},{"taxonomy":"product_tag","embeddable":true,"href":"https:\/\/tenerifeescursioni.com\/en\/wp-json\/wp\/v2\/product_tag?post=7750"}],"curies":[{"name":"wp","href":"https:\/\/api.w.org\/{rel}","templated":true}]}}